{"id":12006,"date":"2023-12-25T00:22:24","date_gmt":"2023-12-24T21:22:24","guid":{"rendered":"https:\/\/rubyland.com.tr\/?page_id=12006"},"modified":"2025-05-23T14:39:05","modified_gmt":"2025-05-23T11:39:05","slug":"gizlilik-politikasi-ve-aydinlatma-metni","status":"publish","type":"page","link":"https:\/\/rubyland.com.tr\/en\/privacy-policy-and-disclosure-text\/","title":{"rendered":"Privacy Policy and Clarification Text"},"content":{"rendered":"<div data-elementor-type=\"wp-page\" data-elementor-id=\"12006\" class=\"elementor elementor-12006\">\n\t\t\t\t<div class=\"elementor-element elementor-element-b25d141 e-flex e-con-boxed e-con e-parent\" data-id=\"b25d141\" data-element_type=\"container\" data-e-type=\"container\" data-settings=\"{&quot;jet_parallax_layout_list&quot;:[]}\">\n\t\t\t\t\t<div class=\"e-con-inner\">\n\t\t<div class=\"elementor-element elementor-element-5369b79 e-con-full e-flex e-con e-child\" data-id=\"5369b79\" data-element_type=\"container\" data-e-type=\"container\" data-settings=\"{&quot;jet_parallax_layout_list&quot;:[]}\">\n\t\t\t\t<\/div>\n\t\t<div class=\"elementor-element elementor-element-7af4673 e-con-full e-flex e-con e-child\" data-id=\"7af4673\" data-element_type=\"container\" data-e-type=\"container\" data-settings=\"{&quot;jet_parallax_layout_list&quot;:[]}\">\n\t\t\t\t<div class=\"elementor-element elementor-element-e315668 elementor-widget elementor-widget-text-editor\" data-id=\"e315668\" data-element_type=\"widget\" data-e-type=\"widget\" data-widget_type=\"text-editor.default\">\n\t\t\t\t<div class=\"elementor-widget-container\">\n\t\t\t\t\t\t\t\t\t<p><\/p>\n<p><strong>About our website; <\/strong>Our website is for promotional purposes and no online sales are made. But you can place an order by calling us. According to the laws of the Republic of Turkey, you must be at least 18 years old to purchase a drink. Be sure to check your age before ordering.<\/p>\n<p>This privacy policy and disclosure text describes the privacy policy and information collection and use practices for users of the website operated by Rubyland. This text has been prepared to inform you about how the information you provide to us by using our website will be used.<\/p>\n<p><\/p>\n<h2 class=\"wp-block-heading\"><strong>Information Collected<\/strong><\/h2>\n<p><\/p>\n<p>When you visit our website, you may provide us with personal information such as your name, telephone number, e-mail address. In addition, technical information such as browser information, IP address, geolocation information may be automatically collected when you use our website.<\/p>\n<p><\/p>\n<h2 class=\"wp-block-heading\"><strong>Information Usage<\/strong><\/h2>\n<p><\/p>\n<p>The personal information you provide will only be used to communicate with our business and to provide you with better service. This information may be used for purposes such as processing your orders, reaching you, responding to your requests and evaluating the performance of our website.<\/p>\n<p><\/p>\n<h2 class=\"wp-block-heading\"><strong>Third Party Sharing<\/strong><\/h2>\n<p><\/p>\n<p>Your personal information will never be shared with third parties, except for legal requirements. However, in case of payment for order processing, we may share your information with trusted payment processing providers.<\/p>\n<p><\/p>\n<h2 class=\"wp-block-heading\"><strong>Security<\/strong><\/h2>\n<p><\/p>\n<p>The security of your personal information is important to us. However, please note that any electronic communication system is not 100% secure when communicating or sharing your information over the internet.<\/p>\n<p><\/p>\n<h2 class=\"wp-block-heading\"><strong>Children's Privacy<\/strong><\/h2>\n<p><\/p>\n<p>Our website does not intentionally collect information from children under the age of 18. If you are a child under the age of 18, please do not share personal information without your parent's permission.<\/p>\n<p><\/p>\n<h2 class=\"wp-block-heading\"><strong>Changes and Updates<\/strong><\/h2>\n<p><\/p>\n<p>This privacy policy and disclosure text may be updated from time to time. It is your responsibility to follow the changes. We recommend that you visit this page regularly to see updates.<\/p>\n<p><\/p>\n<h2 class=\"wp-block-heading\"><strong>Contact Details<\/strong><\/h2>\n<p><\/p>\n<p>Please contact us for any questions, concerns or feedback.<br>Centre Branch Contact<\/p>\n<p><\/p>\n<div class=\"wp-block-group is-vertical is-content-justification-center is-layout-flex wp-container-core-group-is-layout-4b2eccd6 wp-block-group-is-layout-flex\"><p><\/p>\n<div class=\"wp-block-buttons is-layout-flex wp-block-buttons-is-layout-flex\"><p><\/p>\n<div class=\"wp-block-button is-style-fill\"><a class=\"wp-block-button__link has-white-color has-text-color has-link-color wp-element-button\" href=\"tel:\/\/+905446116464\" target=\"_blank\" rel=\"noreferrer noopener\"><strong>Centre Contact<\/strong><\/a><\/div>\n<p><\/p>\n<div class=\"wp-block-button is-style-fill\"><a class=\"wp-block-button__link has-white-color has-text-color has-link-color has-text-align-center wp-element-button\" href=\"tel:\/\/+905526116464\"><strong>Branch Contact<\/strong><\/a><\/div>\n<p><\/p><\/div>\n<p><\/p><\/div>\n<p><\/p>\t\t\t\t\t\t\t\t<\/div>\n\t\t\t\t<\/div>\n\t\t\t\t<\/div>\n\t\t\t\t\t<\/div>\n\t\t\t\t<\/div>\n\t\t\t\t<\/div>","protected":false},"excerpt":{"rendered":"<p>Web sitemiz Hakk\u0131nda; Web sitemiz, tan\u0131t\u0131m ama\u00e7l\u0131 olup online sat\u0131\u015f yap\u0131lmamakt\u0131r. Fakat bizi arayarak sipari\u015f verebilirsiniz. T\u00fcrkiye Cumhuriyeti yasalar\u0131na g\u00f6re&nbsp; i\u00e7ecek sat\u0131n alabilmek i\u00e7in en az 18 ya\u015f\u0131nda olman\u0131z gerekmektedir. Sipari\u015f vermeden \u00f6nce ya\u015f\u0131n\u0131z\u0131 kontrol etti\u011finizden emin olunuz. Bu gizlilik politikas\u0131 ve ayd\u0131nlatma metni, Rubyland taraf\u0131ndan i\u015fletilen web sitesinin kullan\u0131c\u0131lar\u0131 i\u00e7in gizlilik politikas\u0131n\u0131 ve bilgi&#8230;<\/p>","protected":false},"author":1,"featured_media":0,"parent":0,"menu_order":0,"comment_status":"closed","ping_status":"closed","template":"","meta":{"om_disable_all_campaigns":false,"_monsterinsights_skip_tracking":false,"_monsterinsights_sitenote_active":false,"_monsterinsights_sitenote_note":"","_monsterinsights_sitenote_category":0,"_uf_show_specific_survey":0,"_uf_disable_surveys":false,"footnotes":""},"class_list":["post-12006","page","type-page","status-publish","hentry"],"aioseo_notices":[],"_links":{"self":[{"href":"https:\/\/rubyland.com.tr\/en\/wp-json\/wp\/v2\/pages\/12006","targetHints":{"allow":["GET"]}}],"collection":[{"href":"https:\/\/rubyland.com.tr\/en\/wp-json\/wp\/v2\/pages"}],"about":[{"href":"https:\/\/rubyland.com.tr\/en\/wp-json\/wp\/v2\/types\/page"}],"author":[{"embeddable":true,"href":"https:\/\/rubyland.com.tr\/en\/wp-json\/wp\/v2\/users\/1"}],"replies":[{"embeddable":true,"href":"https:\/\/rubyland.com.tr\/en\/wp-json\/wp\/v2\/comments?post=12006"}],"version-history":[{"count":0,"href":"https:\/\/rubyland.com.tr\/en\/wp-json\/wp\/v2\/pages\/12006\/revisions"}],"wp:attachment":[{"href":"https:\/\/rubyland.com.tr\/en\/wp-json\/wp\/v2\/media?parent=12006"}],"curies":[{"name":"wp","href":"https:\/\/api.w.org\/{rel}","templated":true}]}}