{"id":422,"date":"2020-06-10T18:10:31","date_gmt":"2020-06-10T18:10:31","guid":{"rendered":"http:\/\/localhost\/context\/?page_id=422"},"modified":"2023-12-15T15:16:18","modified_gmt":"2023-12-15T12:16:18","slug":"blog","status":"publish","type":"page","link":"https:\/\/rubyland.com.tr\/ar\/blog\/","title":{"rendered":"\u0627\u0644\u0645\u062f\u0648\u0646\u0629"},"content":{"rendered":"\t\t<div data-elementor-type=\"wp-page\" data-elementor-id=\"422\" class=\"elementor elementor-422\">\n\t\t\t\t\t\t<section class=\"elementor-section elementor-top-section elementor-element elementor-element-b8e7d98 elementor-section-boxed elementor-section-height-default elementor-section-height-default\" data-id=\"b8e7d98\" data-element_type=\"section\" data-e-type=\"section\" data-settings=\"{&quot;background_background&quot;:&quot;classic&quot;,&quot;jet_parallax_layout_list&quot;:[]}\">\n\t\t\t\t\t\t<div class=\"elementor-container elementor-column-gap-default\">\n\t\t\t\t\t<div class=\"elementor-column elementor-col-100 elementor-top-column elementor-element elementor-element-248f5f3\" data-id=\"248f5f3\" data-element_type=\"column\" data-e-type=\"column\">\n\t\t\t<div class=\"elementor-widget-wrap elementor-element-populated\">\n\t\t\t\t\t\t<div class=\"elementor-element elementor-element-35ce8f5 poket-star-rating--align-center elementor-widget elementor-widget-witr_section_title\" data-id=\"35ce8f5\" data-element_type=\"widget\" data-e-type=\"widget\" data-widget_type=\"witr_section_title.default\">\n\t\t\t\t<div class=\"elementor-widget-container\">\n\t\t\t\t\t\t\t\t\t\t<!-- title center -->\n\t\t\t\t\t<div class=\"witr_section_title\">\n\t\t\t\t\t\t<div class=\"witr_section_title_inner text-center\">\n\n\t\t\t\t\t\t\t<!-- icon position -->\n\t\t\t\t\t\t\t\t\n\t\t\t\t\t\t\t<!-- end icon position -->\n\t\t\t\t\t\t\t\n\t\t\t\t\t\t\n\t\t\t\t\t\t\t<!-- title top -->\n\t\t\t\t\t\t\t\t\t\t\t\t\t\t\t<h2>Our Upadte<\/h2>\t\t\n\t\t\t\t\t\t\t\n\n\t\t\t\t\t\t\t<!-- icon position -->\n\t\t\t\t\t\t\t\t\n\t\t\t\t\t\t\t<!-- end icon position -->\n\n\n\t\t\t\t\t\t\t\n\t\t\t\t\t\t\t<!-- title middle -->\n\t\t\t\t\t\t\t\t\t\t\t\t\t\t\t<h3>WHAT A CLIENT SAY ?<\/h3>\t\t\n\t\t\t\t\t\t\t\t\t\t\t\t\t\t<!-- title bottom -->\n\t\t\t\t\t\t\t\n\t\t\t\t\t\t\t\n\t\t\t\t\t\t\t\n\t\t\t\t\t\t\t\t\t\t\t\t\t\t\n\t\t\t\t\t\t\t<!-- image -->\n\t\t\t\t\t\t\t\t\t\t\t\t\t\t\t<div class=\"witr_image_title\">\t\t\t\t\t\t\t\t\n\t\t\t\t\t\t\t\t\t<img decoding=\"async\" src=\"https:\/\/themexbd.com\/poket\/restaurant\/wp-content\/uploads\/2021\/11\/title-thmub2.png\" alt=\"\"\/>\t\t\t\t\t\t\t\t\t\t\t\t\t\t\t\t\t\n\t\t\t\t\t\t\t\t<\/div>\n\t\t\t\t\t\t\t\t\t\t\t\t\t\t<!-- icon -->\n\t\t\t\t\t\t\t\t\t\t\t\t\t\t\n\t\t\t\t\t\t\t<!-- bar -->\n\t\t\t\t\t\t\t\t\t\t\t\t\t\t<!-- circle bar -->\n\t\t\t\t\t\t\t\t\t\t\t\t\t\t\n\t\t\t\t\t\t\t\t\n\t\t\t\t\t\t\t\n\n\t\t\t\t\t\t\t\n\t\t\t\t\t\t\t<!-- content -->\n\t\t\t\t\t\t\t\t\t\t\t\t\t\t\n\t\t\t\t\t\t<\/div>\n\t\t\t\t\t\t\t<!-- inner title -->\n\t\t\t\t\t\t\t\t\t\t\t\t\t\n\t\t\t\t\t<\/div>\n\n\t\t\t\t\t\t\t\t<\/div>\n\t\t\t\t<\/div>\n\t\t\t\t<section class=\"elementor-section elementor-inner-section elementor-element elementor-element-4b4942b elementor-section-boxed elementor-section-height-default elementor-section-height-default\" data-id=\"4b4942b\" data-element_type=\"section\" data-e-type=\"section\" data-settings=\"{&quot;jet_parallax_layout_list&quot;:[]}\">\n\t\t\t\t\t\t<div class=\"elementor-container elementor-column-gap-default\">\n\t\t\t\t\t<div class=\"elementor-column elementor-col-100 elementor-inner-column elementor-element elementor-element-169aead\" data-id=\"169aead\" data-element_type=\"column\" data-e-type=\"column\">\n\t\t\t<div class=\"elementor-widget-wrap elementor-element-populated\">\n\t\t\t\t\t\t<div class=\"elementor-element elementor-element-b4ee3bd elementor-widget elementor-widget-witr_blog_section\" data-id=\"b4ee3bd\" data-element_type=\"widget\" data-e-type=\"widget\" data-widget_type=\"witr_blog_section.default\">\n\t\t\t\t<div class=\"elementor-widget-container\">\n\t\t\t\t\t\t\t\t<!-- Blog Section -->\r\n\t\t\t<div class=\"witr_blog_area13 witr_blog_area14\">\r\n\t\t\t\t<div class=\"blog_wrap blogcar_id1\">\r\n\t\t\t\t\t\t\t\t\t\t\r\n\t\t\t\t\t\t<div class=\"witr_all_mb_30   col-md-12 col-xs-12 col-sm-12 \" >\r\n\t\t\t\t\t\t\t<div id=\"post-12550\" class=\"post-12550 post type-post status-publish format-standard hentry category-blog tag-wine\">\r\n\t\t\t\t\t\t\t\t<div class=\"busi_singleBlog\">\r\n\t\t\t\t\t\t\t\t\t<!-- image -->\r\n\t\t\t\t\t\t\t\t\t\t\t\t\t\t\t\t\t\t<div class=\"all_blog_color\">\t\r\n\t\t\t\t\t\t\t\t\t\t<div class=\"witr_blog_con bs5\">\r\n\t\t\t\t\t\t\t\t\t\t\t<!-- title -->\r\n\t\t\t\t\t\t\t\t\t\t\t<h2><a href=\"https:\/\/rubyland.com.tr\/ar\/white-wine-made-simple-fresh-bright-and-easy-to-enjoy\/\">White Wine Made Simple: Fresh, Bright, and Easy<\/a><\/h2>\t\r\n\t\t\t\t\t\t\t\t\t\t\t<div class=\"witr_blog_meta_potion14\">\r\n\t\t\t\t\t\t\t\t\t\t\t\t<!-- author -->\r\n\t\t\t\t\t\t\t\t\t\t\t\t\t\t\t\t\t\t\t\t\t\t\r\n\t\t\t\t\t\t\t\t\t\t\t\t<!--  post meta -->\r\n\t\t\t\t\t\t\t\t\t\t\t\t\t\t\t\t\t\t\t\t\t\t\t\t\t\t\t\t\t\t\t\t\t\t\t\t\t\t\t<span><a href=\"https:\/\/rubyland.com.tr\/ar\/author\/admin\/\"><i class=\"icofont-user-alt-3\"><\/i> admin <\/a><\/span>\r\n\t\t\t\t\t\t\t\t\t\t\t\t\t\t\t\t\t\t\t\t\t\t\t\t\t\t\t\t\t\t\t\t\t\t\t\t\t\t\t\t\t\t\t\t\t\t\t\t\t\t\t\t\t\r\n\t\t\t\t\t\t\t\t\t\t\t\t\t\t\t\t\t\t\t\t\t\t\t\t\t\t\t\t\t\t\t\t\t\t\t\t\t\t\t\t\t\t\t\t\t\t\t\t\t\t\t\t<span><a href=\"#\"><i class=\"icofont-ui-clock\"><\/i><\/a> 19 \u0641\u0628\u0631\u0627\u064a\u0631 2026<\/span>\r\n\t\t\t\t\t\t\t\t\t\t\t\t\t\t\t\t\t\t\t\t\t\t\t\t\t\t\t\t\t\t\t\t\t\t\t\t\t\t\t\t\r\n\t\t\t\t\t\t\t\t\t\t\t\t\t\t\t\t\t\t\t\t\t\t\t<\/div>\t\r\n\r\n\r\n\t\t\t\t\t\t\t\t\t\t\t<!-- content -->\r\n\t\t\t\t\t\t\t\t\t\t\t\t\t\t\t\t\t\t\t\t\t\t\t<p>White wine has a light, refreshing personality that makes it incredibly easy to appreciate. It feels lively, crisp, and often<\/p>\t\t\t\t\t\t\t\t\t\t\t\t\t\t\t\t\t\t\t\t\t\t\r\n\t\t\t\t\t\t\t\t\t\t\t\t\t\t\t\t\t\t\t\t\t\r\n\t\t\t\t\t\t\t\t\t\t<\/div>\r\n\t\t\t\t\t\t\t\t\t<\/div>\r\n\t\t\t\t\t\t\t\t\t\r\n\t\t\t\t\t\t\t\t<\/div>\r\n\t\t\t\t\t\t\t<\/div>\r\n\t\t\t\t\t\t<\/div>\r\n\t\t\t\t\t\t\t\t\t\t\r\n\t\t\t\t\t\t<div class=\"witr_all_mb_30   col-md-12 col-xs-12 col-sm-12 \" >\r\n\t\t\t\t\t\t\t<div id=\"post-12545\" class=\"post-12545 post type-post status-publish format-standard hentry category-blog tag-wine\">\r\n\t\t\t\t\t\t\t\t<div class=\"busi_singleBlog\">\r\n\t\t\t\t\t\t\t\t\t<!-- image -->\r\n\t\t\t\t\t\t\t\t\t\t\t\t\t\t\t\t\t\t<div class=\"all_blog_color\">\t\r\n\t\t\t\t\t\t\t\t\t\t<div class=\"witr_blog_con bs5\">\r\n\t\t\t\t\t\t\t\t\t\t\t<!-- title -->\r\n\t\t\t\t\t\t\t\t\t\t\t<h2><a href=\"https:\/\/rubyland.com.tr\/ar\/rose-a-beautiful-expression-of-balance-and-style\/\">Ros\u00e9: A Beautiful Expression of Balance and Style<\/a><\/h2>\t\r\n\t\t\t\t\t\t\t\t\t\t\t<div class=\"witr_blog_meta_potion14\">\r\n\t\t\t\t\t\t\t\t\t\t\t\t<!-- author -->\r\n\t\t\t\t\t\t\t\t\t\t\t\t\t\t\t\t\t\t\t\t\t\t\r\n\t\t\t\t\t\t\t\t\t\t\t\t<!--  post meta -->\r\n\t\t\t\t\t\t\t\t\t\t\t\t\t\t\t\t\t\t\t\t\t\t\t\t\t\t\t\t\t\t\t\t\t\t\t\t\t\t\t<span><a href=\"https:\/\/rubyland.com.tr\/ar\/author\/admin\/\"><i class=\"icofont-user-alt-3\"><\/i> admin <\/a><\/span>\r\n\t\t\t\t\t\t\t\t\t\t\t\t\t\t\t\t\t\t\t\t\t\t\t\t\t\t\t\t\t\t\t\t\t\t\t\t\t\t\t\t\t\t\t\t\t\t\t\t\t\t\t\t\t\r\n\t\t\t\t\t\t\t\t\t\t\t\t\t\t\t\t\t\t\t\t\t\t\t\t\t\t\t\t\t\t\t\t\t\t\t\t\t\t\t\t\t\t\t\t\t\t\t\t\t\t\t\t<span><a href=\"#\"><i class=\"icofont-ui-clock\"><\/i><\/a> 17 \u0641\u0628\u0631\u0627\u064a\u0631 2026<\/span>\r\n\t\t\t\t\t\t\t\t\t\t\t\t\t\t\t\t\t\t\t\t\t\t\t\t\t\t\t\t\t\t\t\t\t\t\t\t\t\t\t\t\r\n\t\t\t\t\t\t\t\t\t\t\t\t\t\t\t\t\t\t\t\t\t\t\t<\/div>\t\r\n\r\n\r\n\t\t\t\t\t\t\t\t\t\t\t<!-- content -->\r\n\t\t\t\t\t\t\t\t\t\t\t\t\t\t\t\t\t\t\t\t\t\t\t<p>Ros\u00e9 wine beautifully brings together freshness and structure; as a result, it offers both charm and careful craftsmanship in every<\/p>\t\t\t\t\t\t\t\t\t\t\t\t\t\t\t\t\t\t\t\t\t\t\r\n\t\t\t\t\t\t\t\t\t\t\t\t\t\t\t\t\t\t\t\t\t\r\n\t\t\t\t\t\t\t\t\t\t<\/div>\r\n\t\t\t\t\t\t\t\t\t<\/div>\r\n\t\t\t\t\t\t\t\t\t\r\n\t\t\t\t\t\t\t\t<\/div>\r\n\t\t\t\t\t\t\t<\/div>\r\n\t\t\t\t\t\t<\/div>\r\n\t\t\t\t\t\t\t\t\t\t\r\n\t\t\t\t\t\t<div class=\"witr_all_mb_30   col-md-12 col-xs-12 col-sm-12 \" >\r\n\t\t\t\t\t\t\t<div id=\"post-12489\" class=\"post-12489 post type-post status-publish format-standard hentry category-blog tag-wine\">\r\n\t\t\t\t\t\t\t\t<div class=\"busi_singleBlog\">\r\n\t\t\t\t\t\t\t\t\t<!-- image -->\r\n\t\t\t\t\t\t\t\t\t\t\t\t\t\t\t\t\t\t<div class=\"all_blog_color\">\t\r\n\t\t\t\t\t\t\t\t\t\t<div class=\"witr_blog_con bs5\">\r\n\t\t\t\t\t\t\t\t\t\t\t<!-- title -->\r\n\t\t\t\t\t\t\t\t\t\t\t<h2><a href=\"https:\/\/rubyland.com.tr\/ar\/red-wine-made-simple-why-so-many-people-enjoy-it\/\">Red Wine Made Simple: Why So Many People<\/a><\/h2>\t\r\n\t\t\t\t\t\t\t\t\t\t\t<div class=\"witr_blog_meta_potion14\">\r\n\t\t\t\t\t\t\t\t\t\t\t\t<!-- author -->\r\n\t\t\t\t\t\t\t\t\t\t\t\t\t\t\t\t\t\t\t\t\t\t\r\n\t\t\t\t\t\t\t\t\t\t\t\t<!--  post meta -->\r\n\t\t\t\t\t\t\t\t\t\t\t\t\t\t\t\t\t\t\t\t\t\t\t\t\t\t\t\t\t\t\t\t\t\t\t\t\t\t\t<span><a href=\"https:\/\/rubyland.com.tr\/ar\/author\/admin\/\"><i class=\"icofont-user-alt-3\"><\/i> admin <\/a><\/span>\r\n\t\t\t\t\t\t\t\t\t\t\t\t\t\t\t\t\t\t\t\t\t\t\t\t\t\t\t\t\t\t\t\t\t\t\t\t\t\t\t\t\t\t\t\t\t\t\t\t\t\t\t\t\t\r\n\t\t\t\t\t\t\t\t\t\t\t\t\t\t\t\t\t\t\t\t\t\t\t\t\t\t\t\t\t\t\t\t\t\t\t\t\t\t\t\t\t\t\t\t\t\t\t\t\t\t\t\t<span><a href=\"#\"><i class=\"icofont-ui-clock\"><\/i><\/a> 12 \u0641\u0628\u0631\u0627\u064a\u0631 2026<\/span>\r\n\t\t\t\t\t\t\t\t\t\t\t\t\t\t\t\t\t\t\t\t\t\t\t\t\t\t\t\t\t\t\t\t\t\t\t\t\t\t\t\t\r\n\t\t\t\t\t\t\t\t\t\t\t\t\t\t\t\t\t\t\t\t\t\t\t<\/div>\t\r\n\r\n\r\n\t\t\t\t\t\t\t\t\t\t\t<!-- content -->\r\n\t\t\t\t\t\t\t\t\t\t\t\t\t\t\t\t\t\t\t\t\t\t\t<p>Red wine has a special kind of charm \u2014 it feels timeless, welcoming, and full of character. For centuries, it<\/p>\t\t\t\t\t\t\t\t\t\t\t\t\t\t\t\t\t\t\t\t\t\t\r\n\t\t\t\t\t\t\t\t\t\t\t\t\t\t\t\t\t\t\t\t\t\r\n\t\t\t\t\t\t\t\t\t\t<\/div>\r\n\t\t\t\t\t\t\t\t\t<\/div>\r\n\t\t\t\t\t\t\t\t\t\r\n\t\t\t\t\t\t\t\t<\/div>\r\n\t\t\t\t\t\t\t<\/div>\r\n\t\t\t\t\t\t<\/div>\r\n\t\t\t\t\t\t\t\t\t\t\r\n\t\t\t\t\t\t<div class=\"witr_all_mb_30   col-md-12 col-xs-12 col-sm-12 \" >\r\n\t\t\t\t\t\t\t<div id=\"post-12487\" class=\"post-12487 post type-post status-publish format-standard hentry category-blog tag-wine\">\r\n\t\t\t\t\t\t\t\t<div class=\"busi_singleBlog\">\r\n\t\t\t\t\t\t\t\t\t<!-- image -->\r\n\t\t\t\t\t\t\t\t\t\t\t\t\t\t\t\t\t\t<div class=\"all_blog_color\">\t\r\n\t\t\t\t\t\t\t\t\t\t<div class=\"witr_blog_con bs5\">\r\n\t\t\t\t\t\t\t\t\t\t\t<!-- title -->\r\n\t\t\t\t\t\t\t\t\t\t\t<h2><a href=\"https:\/\/rubyland.com.tr\/ar\/a-short-journey-into-the-elegant-world-of-wine\/\">A Short Journey into the Elegant World of<\/a><\/h2>\t\r\n\t\t\t\t\t\t\t\t\t\t\t<div class=\"witr_blog_meta_potion14\">\r\n\t\t\t\t\t\t\t\t\t\t\t\t<!-- author -->\r\n\t\t\t\t\t\t\t\t\t\t\t\t\t\t\t\t\t\t\t\t\t\t\r\n\t\t\t\t\t\t\t\t\t\t\t\t<!--  post meta -->\r\n\t\t\t\t\t\t\t\t\t\t\t\t\t\t\t\t\t\t\t\t\t\t\t\t\t\t\t\t\t\t\t\t\t\t\t\t\t\t\t<span><a href=\"https:\/\/rubyland.com.tr\/ar\/author\/admin\/\"><i class=\"icofont-user-alt-3\"><\/i> admin <\/a><\/span>\r\n\t\t\t\t\t\t\t\t\t\t\t\t\t\t\t\t\t\t\t\t\t\t\t\t\t\t\t\t\t\t\t\t\t\t\t\t\t\t\t\t\t\t\t\t\t\t\t\t\t\t\t\t\t\r\n\t\t\t\t\t\t\t\t\t\t\t\t\t\t\t\t\t\t\t\t\t\t\t\t\t\t\t\t\t\t\t\t\t\t\t\t\t\t\t\t\t\t\t\t\t\t\t\t\t\t\t\t<span><a href=\"#\"><i class=\"icofont-ui-clock\"><\/i><\/a> 10 \u0641\u0628\u0631\u0627\u064a\u0631 2026<\/span>\r\n\t\t\t\t\t\t\t\t\t\t\t\t\t\t\t\t\t\t\t\t\t\t\t\t\t\t\t\t\t\t\t\t\t\t\t\t\t\t\t\t\r\n\t\t\t\t\t\t\t\t\t\t\t\t\t\t\t\t\t\t\t\t\t\t\t<\/div>\t\r\n\r\n\r\n\t\t\t\t\t\t\t\t\t\t\t<!-- content -->\r\n\t\t\t\t\t\t\t\t\t\t\t\t\t\t\t\t\t\t\t\t\t\t\t<p>Wine is not just a beverage; it is a story where soil and time come together. Each grape carries the<\/p>\t\t\t\t\t\t\t\t\t\t\t\t\t\t\t\t\t\t\t\t\t\t\r\n\t\t\t\t\t\t\t\t\t\t\t\t\t\t\t\t\t\t\t\t\t\r\n\t\t\t\t\t\t\t\t\t\t<\/div>\r\n\t\t\t\t\t\t\t\t\t<\/div>\r\n\t\t\t\t\t\t\t\t\t\r\n\t\t\t\t\t\t\t\t<\/div>\r\n\t\t\t\t\t\t\t<\/div>\r\n\t\t\t\t\t\t<\/div>\r\n\t\t\t\t\t\t\t\t\t\t\r\n\t\t\t\t\t\t<div class=\"witr_all_mb_30   col-md-12 col-xs-12 col-sm-12 \" >\r\n\t\t\t\t\t\t\t<div id=\"post-177\" class=\"post-177 post type-post status-publish format-standard has-post-thumbnail hentry category-blog\">\r\n\t\t\t\t\t\t\t\t<div class=\"busi_singleBlog\">\r\n\t\t\t\t\t\t\t\t\t<!-- image -->\r\n\t\t\t\t\t\t\t\t\t\t\t\t\t\t\t\t\t\t<div class=\"witr_sb_thumb\">\r\n\t\t\t\t\t\t\t\t\t\t<a href=\"https:\/\/rubyland.com.tr\/ar\/%d8%b1%d8%ad%d9%84%d8%a9-%d8%a5%d9%84%d9%89-%d8%b9%d8%a7%d9%84%d9%85-%d8%a7%d9%84%d8%a3%d8%b4%d9%8a%d8%a7%d8%a1-%d8%a7%d9%84%d9%86%d8%a7%d8%af%d8%b1-%d9%88%d8%a7%d9%84%d8%ab%d9%85%d9%8a%d9%86\/\"> <img fetchpriority=\"high\" decoding=\"async\" width=\"390\" height=\"350\" src=\"https:\/\/rubyland.com.tr\/wp-content\/uploads\/2020\/06\/icki-koleksiyonculugu-rubyland-390x350.jpg\" class=\"attachment-poket-blog-default size-poket-blog-default wp-post-image\" alt=\"\" \/> <\/a>\r\n\r\n\t\t\t\t\t\t\t\t\t\t\t\r\n\t\t\t\t\t\t\t\t\t<\/div>\t\r\n\t\t\t\t\t\t\t\t\t\t\t\t\t\t\t\t\t\t<div class=\"all_blog_color\">\t\r\n\t\t\t\t\t\t\t\t\t\t<div class=\"witr_blog_con bs5\">\r\n\t\t\t\t\t\t\t\t\t\t\t<!-- title -->\r\n\t\t\t\t\t\t\t\t\t\t\t<h2><a href=\"https:\/\/rubyland.com.tr\/ar\/%d8%b1%d8%ad%d9%84%d8%a9-%d8%a5%d9%84%d9%89-%d8%b9%d8%a7%d9%84%d9%85-%d8%a7%d9%84%d8%a3%d8%b4%d9%8a%d8%a7%d8%a1-%d8%a7%d9%84%d9%86%d8%a7%d8%af%d8%b1-%d9%88%d8%a7%d9%84%d8%ab%d9%85%d9%8a%d9%86\/\">Nadir ve De\u011ferli \u0130\u00e7eceklerin D\u00fcnyas\u0131na Yolculuk<\/a><\/h2>\t\r\n\t\t\t\t\t\t\t\t\t\t\t<div class=\"witr_blog_meta_potion14\">\r\n\t\t\t\t\t\t\t\t\t\t\t\t<!-- author -->\r\n\t\t\t\t\t\t\t\t\t\t\t\t\t\t\t\t\t\t\t\t\t\t\r\n\t\t\t\t\t\t\t\t\t\t\t\t<!--  post meta -->\r\n\t\t\t\t\t\t\t\t\t\t\t\t\t\t\t\t\t\t\t\t\t\t\t\t\t\t\t\t\t\t\t\t\t\t\t\t\t\t\t<span><a href=\"https:\/\/rubyland.com.tr\/ar\/author\/admin\/\"><i class=\"icofont-user-alt-3\"><\/i> admin <\/a><\/span>\r\n\t\t\t\t\t\t\t\t\t\t\t\t\t\t\t\t\t\t\t\t\t\t\t\t\t\t\t\t\t\t\t\t\t\t\t\t\t\t\t\t\t\t\t\t\t\t\t\t\t\t\t\t\t\r\n\t\t\t\t\t\t\t\t\t\t\t\t\t\t\t\t\t\t\t\t\t\t\t\t\t\t\t\t\t\t\t\t\t\t\t\t\t\t\t\t\t\t\t\t\t\t\t\t\t\t\t\t<span><a href=\"#\"><i class=\"icofont-ui-clock\"><\/i><\/a> 20 \u062f\u064a\u0633\u0645\u0628\u0631 2023<\/span>\r\n\t\t\t\t\t\t\t\t\t\t\t\t\t\t\t\t\t\t\t\t\t\t\t\t\t\t\t\t\t\t\t\t\t\t\t\t\t\t\t\t\r\n\t\t\t\t\t\t\t\t\t\t\t\t\t\t\t\t\t\t\t\t\t\t\t<\/div>\t\r\n\r\n\r\n\t\t\t\t\t\t\t\t\t\t\t<!-- content -->\r\n\t\t\t\t\t\t\t\t\t\t\t\t\t\t\t\t\t\t\t\t\t\t\t<p>\u0130\u00e7ecek koleksiyonculu\u011fu, \u00f6zel ve nadir i\u00e7eceklerin bir tutku haline geldi\u011fi, zarafetle i\u00e7 i\u00e7e ge\u00e7mi\u015f bir d\u00fcnya sunuyor. Bu \u00f6zel hobi,<\/p>\t\t\t\t\t\t\t\t\t\t\t\t\t\t\t\t\t\t\t\t\t\t\r\n\t\t\t\t\t\t\t\t\t\t\t\t\t\t\t\t\t\t\t\t\t\r\n\t\t\t\t\t\t\t\t\t\t<\/div>\r\n\t\t\t\t\t\t\t\t\t<\/div>\r\n\t\t\t\t\t\t\t\t\t\r\n\t\t\t\t\t\t\t\t<\/div>\r\n\t\t\t\t\t\t\t<\/div>\r\n\t\t\t\t\t\t<\/div>\r\n\t\t\t\t\t\t\r\n\t\t\t\t\t\t\t\t\t\t\t\r\n\t\t\t\t<\/div>\r\n\t\t\t<\/div>\r\n\t\t\t<!-- Blog Section -->\t\t\t\t\t\t\t\t\t\t\t\t\r\n\r\n\t\t<script type='text\/javascript'>\r\n\t\t\tjQuery(function($){\t\t\t\t\r\n\t\t\t\tvar witrbslick = $('.blogcar_id1');\t\t\t\t\r\n\t\t\t\tif(witrbslick.length > 0){\r\n\t\t\t\twitrbslick.slick({\r\n\t\t\t\t\tinfinite: true,\r\n\t\t\t\t\tautoplay: true,\r\n\t\t\t\t\tautoplaySpeed: 3000,\r\n\t\t\t\t\tspeed: 1000,\t\t\t\t\t\r\n\t\t\t\t\tslidesToShow: 3,\r\n\t\t\t\t\tslidesToScroll: 1,\r\n\t\t\t\t\trtl: true,\t\t\t\t\tarrows: true,\r\n\t\t\t\t\tdots: false,\r\n\t\t\t\t\tresponsive: [\r\n\t\t\t\t\t\t{\r\n\t\t\t\t\t\t\tbreakpoint: 1200,\r\n\t\t\t\t\t\t\tsettings: {\r\n\t\t\t\t\t\t\t\tslidesToShow: 3,\r\n\t\t\t\t\t\t\t\tslidesToScroll: 1,\r\n\t\t\t\t\t\t\t}\r\n\t\t\t\t\t},\r\n\t\t\t\t\t\t{\r\n\t\t\t\t\t\t\tbreakpoint: 992,\r\n\t\t\t\t\t\t\tsettings: {\r\n\t\t\t\t\t\t\t\tslidesToShow: 2,\r\n\t\t\t\t\t\t\t\tslidesToScroll: 1,\r\n\t\t\t\t\t\t\t}\r\n\t\t\t\t\t},\r\n\t\t\t\t\t\t{\r\n\t\t\t\t\t\t\tbreakpoint: 767,\r\n\t\t\t\t\t\t\tsettings: {\r\n\t\t\t\t\t\t\t\tslidesToShow: 1,\r\n\t\t\t\t\t\t\t\tslidesToScroll: 1,\r\n\t\t\t\t\t\t\t}\r\n\t\t\t\t\t}\r\n\t\t\t\t\t]\r\n\t\t\t\t});\r\n\t\t\t}\r\n\r\n\t\t\t});\r\n\t\t<\/script>\t\t\t\t\t<\/div>\n\t\t\t\t<\/div>\n\t\t\t\t\t<\/div>\n\t\t<\/div>\n\t\t\t\t\t<\/div>\n\t\t<\/section>\n\t\t\t\t\t<\/div>\n\t\t<\/div>\n\t\t\t\t\t<\/div>\n\t\t<\/section>\n\t\t\t\t<\/div>\n\t\t","protected":false},"excerpt":{"rendered":"<p>Our Upadte WHAT A CLIENT SAY ? Black Spaghetti with Rock Shrimp restrurent 24 Aug 2021 That foresee the pain and trouble hat in their duty through. indignation and are so beguiled and demoralized by charms Turkish Soup with Species Dish of the Week restrurent 24 Aug 2021 That foresee the pain and trouble hat&#8230;<\/p>","protected":false},"author":1,"featured_media":0,"parent":0,"menu_order":0,"comment_status":"closed","ping_status":"closed","template":"template-home.php","meta":{"om_disable_all_campaigns":false,"_monsterinsights_skip_tracking":false,"_monsterinsights_sitenote_active":false,"_monsterinsights_sitenote_note":"","_monsterinsights_sitenote_category":0,"_uf_show_specific_survey":0,"_uf_disable_surveys":false,"footnotes":""},"class_list":["post-422","page","type-page","status-publish","hentry"],"aioseo_notices":[],"_links":{"self":[{"href":"https:\/\/rubyland.com.tr\/ar\/wp-json\/wp\/v2\/pages\/422","targetHints":{"allow":["GET"]}}],"collection":[{"href":"https:\/\/rubyland.com.tr\/ar\/wp-json\/wp\/v2\/pages"}],"about":[{"href":"https:\/\/rubyland.com.tr\/ar\/wp-json\/wp\/v2\/types\/page"}],"author":[{"embeddable":true,"href":"https:\/\/rubyland.com.tr\/ar\/wp-json\/wp\/v2\/users\/1"}],"replies":[{"embeddable":true,"href":"https:\/\/rubyland.com.tr\/ar\/wp-json\/wp\/v2\/comments?post=422"}],"version-history":[{"count":0,"href":"https:\/\/rubyland.com.tr\/ar\/wp-json\/wp\/v2\/pages\/422\/revisions"}],"wp:attachment":[{"href":"https:\/\/rubyland.com.tr\/ar\/wp-json\/wp\/v2\/media?parent=422"}],"curies":[{"name":"wp","href":"https:\/\/api.w.org\/{rel}","templated":true}]}}