{"id":12012,"date":"2023-12-25T00:30:34","date_gmt":"2023-12-24T21:30:34","guid":{"rendered":"https:\/\/rubyland.com.tr\/?page_id=12012"},"modified":"2023-12-26T01:38:01","modified_gmt":"2023-12-25T22:38:01","slug":"veri-sahibi-bilgi-talep-formu","status":"publish","type":"page","link":"https:\/\/rubyland.com.tr\/ar\/%d9%86%d9%85%d9%88%d8%b0%d8%ac-%d8%b7%d9%84%d8%a8-%d9%85%d8%b9%d9%84%d9%88%d9%85%d8%a7%d8%aa-%d9%85%d8%a7%d9%84%d9%83-%d8%a8%d9%8a%d8%a7%d9%86%d8%a7%d8%aa-%d9%85%d8%b9%d9%84%d9%88%d9%85%d8%a7%d8%aa\/","title":{"rendered":"\u0646\u0645\u0648\u0630\u062c \u0637\u0644\u0628 \u0645\u0639\u0644\u0648\u0645\u0627\u062a \u0635\u0627\u062d\u0628 \u0627\u0644\u0628\u064a\u0627\u0646\u0627\u062a"},"content":{"rendered":"\t\t<div data-elementor-type=\"wp-page\" data-elementor-id=\"12012\" class=\"elementor elementor-12012\">\n\t\t\t\t<div class=\"elementor-element elementor-element-b6a9e6e e-con-full e-flex e-con e-parent\" data-id=\"b6a9e6e\" data-element_type=\"container\" data-e-type=\"container\" data-settings=\"{&quot;jet_parallax_layout_list&quot;:[]}\">\n\t\t<div class=\"elementor-element elementor-element-c52c36c e-con-full e-flex e-con e-child\" data-id=\"c52c36c\" data-element_type=\"container\" data-e-type=\"container\" data-settings=\"{&quot;jet_parallax_layout_list&quot;:[]}\">\n\t\t\t\t<\/div>\n\t\t<div class=\"elementor-element elementor-element-b29e618 e-con-full e-flex e-con e-child\" data-id=\"b29e618\" data-element_type=\"container\" data-e-type=\"container\" data-settings=\"{&quot;jet_parallax_layout_list&quot;:[]}\">\n\t\t\t\t<div class=\"elementor-element elementor-element-05f4457 elementor-widget elementor-widget-text-editor\" data-id=\"05f4457\" data-element_type=\"widget\" data-e-type=\"widget\" data-widget_type=\"text-editor.default\">\n\t\t\t\t<div class=\"elementor-widget-container\">\n\t\t\t\t\t\t\t\t\t<p><strong>De\u011ferli Ziyaret\u00e7imiz,<\/strong><\/p>\n<p>\u0130lgilendi\u011finiz veri hakk\u0131nda daha fazla bilgi almak i\u00e7in bu formu doldurabilirsiniz. Veri sahibi olarak sizinle en iyi \u015fekilde ileti\u015fim kurabilmemiz i\u00e7in l\u00fctfen a\u015fa\u011f\u0131daki bilgileri eksiksiz bir \u015fekilde doldurunuz.<\/p>\n<p><strong>Ki\u015fisel Bilgiler:<\/strong><\/p>\n<ul>\n<li>Ad\u0131n\u0131z Soyad\u0131n\u0131z: [Ad\u0131n\u0131z\u0131 ve soyad\u0131n\u0131z\u0131 yaz\u0131n\u0131z]<\/li>\n<li>E-posta Adresiniz: [E-posta adresinizi yaz\u0131n\u0131z]<\/li>\n<li>Telefon Numaran\u0131z: [Telefon numaran\u0131z\u0131 yaz\u0131n\u0131z]<\/li>\n<\/ul>\n<p><strong>\u0130stek Detaylar\u0131:<\/strong><\/p>\n<ol>\n<li>\n<p>Hangi veri ile ilgili bilgi talep ediyorsunuz? (Adres bilgileri, telefon numaralar\u0131, i\u015fletme hakk\u0131nda genel bilgiler, blog i\u00e7erikleri vb.)<\/p>\n<\/li>\n<li>\n<p>Talep etti\u011finiz bilgilerin kullan\u0131m amac\u0131 nedir? (\u00d6rne\u011fin: \u0130\u015fbirli\u011fi teklifi, bilgi al\u0131m\u0131, reklam talebi vb.)<\/p>\n<\/li>\n<li>\n<p>Bu talebinizle ilgili herhangi \u00f6zel bir not veya ek bilgi var m\u0131?<\/p>\n<\/li>\n<\/ol>\n<p><strong>Onay ve Kabul:<\/strong><\/p>\n<ul>\n<li>Bu formu doldurarak, Rubyland, web sitesinde belirtilen gizlilik politikas\u0131n\u0131 ve kullan\u0131m ko\u015fullar\u0131n\u0131 kabul etti\u011fimi beyan ederim.<\/li>\n<\/ul>\n<p><strong>G\u00f6nderim ve \u0130leti\u015fim:<\/strong> L\u00fctfen formu doldurduktan sonra en k\u0131sa s\u00fcrede sizinle ileti\u015fime ge\u00e7ebilmemiz i\u00e7in bekleyiniz. Talebinize en k\u0131sa s\u00fcrede yan\u0131t verilecektir.<\/p>\n<p><strong>Te\u015fekk\u00fcr ederiz.<\/strong><\/p>\n<p><strong>Rubyland<\/strong><br \/><strong>Merkez Adres<\/strong> : Cumhuriyet Mah. K\u0131br\u0131s \u015eehitler Cad.<br \/>210 \/32 OAS\u0130S AVM.\u00a0<br \/><strong>Merkez \u0130leti\u015fim<\/strong> : +90 252 317 1 47<\/p>\n<p><strong>\u015eube Adres<\/strong> : G\u00fcmbet Mh. Adnan Menderes Cad. 29<br \/>Bodrum \/ Mu\u011fla <br \/><strong>\u015eube \u0130leti\u015fim<\/strong> : +90 552 611 64 64<\/p>\t\t\t\t\t\t\t\t<\/div>\n\t\t\t\t<\/div>\n\t\t\t\t<\/div>\n\t\t\t\t<\/div>\n\t\t\t\t<\/div>\n\t\t","protected":false},"excerpt":{"rendered":"<p>De\u011ferli Ziyaret\u00e7imiz, \u0130lgilendi\u011finiz veri hakk\u0131nda daha fazla bilgi almak i\u00e7in bu formu doldurabilirsiniz. Veri sahibi olarak sizinle en iyi \u015fekilde ileti\u015fim kurabilmemiz i\u00e7in l\u00fctfen a\u015fa\u011f\u0131daki bilgileri eksiksiz bir \u015fekilde doldurunuz. Ki\u015fisel Bilgiler: Ad\u0131n\u0131z Soyad\u0131n\u0131z: [Ad\u0131n\u0131z\u0131 ve soyad\u0131n\u0131z\u0131 yaz\u0131n\u0131z] E-posta Adresiniz: [E-posta adresinizi yaz\u0131n\u0131z] Telefon Numaran\u0131z: [Telefon numaran\u0131z\u0131 yaz\u0131n\u0131z] \u0130stek Detaylar\u0131: Hangi veri ile ilgili bilgi&#8230;<\/p>\n","protected":false},"author":1,"featured_media":0,"parent":0,"menu_order":0,"comment_status":"closed","ping_status":"closed","template":"","meta":{"om_disable_all_campaigns":false,"_monsterinsights_skip_tracking":false,"_monsterinsights_sitenote_active":false,"_monsterinsights_sitenote_note":"","_monsterinsights_sitenote_category":0,"_uf_show_specific_survey":0,"_uf_disable_surveys":false,"footnotes":""},"class_list":["post-12012","page","type-page","status-publish","hentry"],"aioseo_notices":[],"_links":{"self":[{"href":"https:\/\/rubyland.com.tr\/ar\/wp-json\/wp\/v2\/pages\/12012","targetHints":{"allow":["GET"]}}],"collection":[{"href":"https:\/\/rubyland.com.tr\/ar\/wp-json\/wp\/v2\/pages"}],"about":[{"href":"https:\/\/rubyland.com.tr\/ar\/wp-json\/wp\/v2\/types\/page"}],"author":[{"embeddable":true,"href":"https:\/\/rubyland.com.tr\/ar\/wp-json\/wp\/v2\/users\/1"}],"replies":[{"embeddable":true,"href":"https:\/\/rubyland.com.tr\/ar\/wp-json\/wp\/v2\/comments?post=12012"}],"version-history":[{"count":0,"href":"https:\/\/rubyland.com.tr\/ar\/wp-json\/wp\/v2\/pages\/12012\/revisions"}],"wp:attachment":[{"href":"https:\/\/rubyland.com.tr\/ar\/wp-json\/wp\/v2\/media?parent=12012"}],"curies":[{"name":"wp","href":"https:\/\/api.w.org\/{rel}","templated":true}]}}