{"id":12006,"date":"2023-12-25T00:22:24","date_gmt":"2023-12-24T21:22:24","guid":{"rendered":"https:\/\/rubyland.com.tr\/?page_id=12006"},"modified":"2025-05-23T14:39:05","modified_gmt":"2025-05-23T11:39:05","slug":"gizlilik-politikasi-ve-aydinlatma-metni","status":"publish","type":"page","link":"https:\/\/rubyland.com.tr\/ar\/%d8%a7%d9%84%d8%ae%d8%b5%d9%88%d8%b5%d9%8a%d8%a9-%d8%b3%d9%8a%d8%a7%d8%b3%d8%a9-%d8%a7%d9%84%d8%ae%d8%b5%d9%88%d8%b5%d9%8a%d8%a9-%d9%88%d8%a7%d9%84%d8%a5%d9%81%d8%b5%d8%a7%d8%ad-%d8%a7%d9%84%d9%86\/","title":{"rendered":"\u0633\u064a\u0627\u0633\u0629 \u0627\u0644\u062e\u0635\u0648\u0635\u064a\u0629 \u0648\u0627\u0644\u0646\u0635 \u0627\u0644\u062a\u0648\u0636\u064a\u062d\u064a"},"content":{"rendered":"<div data-elementor-type=\"wp-page\" data-elementor-id=\"12006\" class=\"elementor elementor-12006\">\n\t\t\t\t<div class=\"elementor-element elementor-element-b25d141 e-flex e-con-boxed e-con e-parent\" data-id=\"b25d141\" data-element_type=\"container\" data-e-type=\"container\" data-settings=\"{&quot;jet_parallax_layout_list&quot;:[]}\">\n\t\t\t\t\t<div class=\"e-con-inner\">\n\t\t<div class=\"elementor-element elementor-element-5369b79 e-con-full e-flex e-con e-child\" data-id=\"5369b79\" data-element_type=\"container\" data-e-type=\"container\" data-settings=\"{&quot;jet_parallax_layout_list&quot;:[]}\">\n\t\t\t\t<\/div>\n\t\t<div class=\"elementor-element elementor-element-7af4673 e-con-full e-flex e-con e-child\" data-id=\"7af4673\" data-element_type=\"container\" data-e-type=\"container\" data-settings=\"{&quot;jet_parallax_layout_list&quot;:[]}\">\n\t\t\t\t<div class=\"elementor-element elementor-element-e315668 elementor-widget elementor-widget-text-editor\" data-id=\"e315668\" data-element_type=\"widget\" data-e-type=\"widget\" data-widget_type=\"text-editor.default\">\n\t\t\t\t<div class=\"elementor-widget-container\">\n\t\t\t\t\t\t\t\t\t<p><\/p>\n<p><strong>\u0639\u0646 \u0645\u0648\u0642\u0639\u0646\u0627 \u0627\u0644\u0625\u0644\u0643\u062a\u0631\u0648\u0646\u064a <\/strong>\u0645\u0648\u0642\u0639\u0646\u0627 \u0627\u0644\u0625\u0644\u0643\u062a\u0631\u0648\u0646\u064a \u0644\u0623\u063a\u0631\u0627\u0636 \u062a\u0631\u0648\u064a\u062c\u064a\u0629 \u0648\u0644\u0627 \u064a\u062a\u0645 \u0627\u0644\u0628\u064a\u0639 \u0639\u0628\u0631 \u0627\u0644\u0625\u0646\u062a\u0631\u0646\u062a. \u0648\u0644\u0643\u0646 \u064a\u0645\u0643\u0646\u0643 \u0627\u0644\u0637\u0644\u0628 \u0639\u0646 \u0637\u0631\u064a\u0642 \u0627\u0644\u0627\u062a\u0635\u0627\u0644 \u0628\u0646\u0627. \u0648\u0641\u0642\u0627\u064b \u0644\u0642\u0648\u0627\u0646\u064a\u0646 \u0627\u0644\u062c\u0645\u0647\u0648\u0631\u064a\u0629 \u0627\u0644\u062a\u0631\u0643\u064a\u0629\u060c \u064a\u062c\u0628 \u0623\u0646 \u064a\u0643\u0648\u0646 \u0639\u0645\u0631\u0643 18 \u0639\u0627\u0645\u0627\u064b \u0639\u0644\u0649 \u0627\u0644\u0623\u0642\u0644 \u0644\u0634\u0631\u0627\u0621 \u0645\u0634\u0631\u0648\u0628. \u064a\u0631\u062c\u0649 \u0627\u0644\u062a\u0623\u0643\u062f \u0645\u0646 \u0627\u0644\u062a\u062d\u0642\u0642 \u0645\u0646 \u0639\u0645\u0631\u0643 \u0642\u0628\u0644 \u0627\u0644\u0637\u0644\u0628.<\/p>\n<p>\u064a\u0635\u0641 \u0646\u0635 \u0633\u064a\u0627\u0633\u0629 \u0627\u0644\u062e\u0635\u0648\u0635\u064a\u0629 \u0648\u0627\u0644\u0625\u0641\u0635\u0627\u062d \u0647\u0630\u0627 \u0633\u064a\u0627\u0633\u0629 \u0627\u0644\u062e\u0635\u0648\u0635\u064a\u0629 \u0648\u0645\u0645\u0627\u0631\u0633\u0627\u062a \u062c\u0645\u0639 \u0627\u0644\u0645\u0639\u0644\u0648\u0645\u0627\u062a \u0648\u0627\u0633\u062a\u062e\u062f\u0627\u0645\u0647\u0627 \u0644\u0645\u0633\u062a\u062e\u062f\u0645\u064a \u0627\u0644\u0645\u0648\u0642\u0639 \u0627\u0644\u0625\u0644\u0643\u062a\u0631\u0648\u0646\u064a \u0627\u0644\u0630\u064a \u062a\u062f\u064a\u0631\u0647 \u0631\u0648\u0628\u064a \u0644\u0627\u0646\u062f. \u062a\u0645 \u0625\u0639\u062f\u0627\u062f \u0647\u0630\u0627 \u0627\u0644\u0646\u0635 \u0644\u0625\u0639\u0644\u0627\u0645\u0643 \u0628\u0643\u064a\u0641\u064a\u0629 \u0627\u0633\u062a\u062e\u062f\u0627\u0645 \u0627\u0644\u0645\u0639\u0644\u0648\u0645\u0627\u062a \u0627\u0644\u062a\u064a \u062a\u0642\u062f\u0645\u0647\u0627 \u0644\u0646\u0627 \u0628\u0627\u0633\u062a\u062e\u062f\u0627\u0645 \u0645\u0648\u0642\u0639\u0646\u0627 \u0627\u0644\u0625\u0644\u0643\u062a\u0631\u0648\u0646\u064a.<\/p>\n<p><\/p>\n<h2 class=\"wp-block-heading\"><strong>\u0627\u0644\u0645\u0639\u0644\u0648\u0645\u0627\u062a \u0627\u0644\u062a\u064a \u062a\u0645 \u062c\u0645\u0639\u0647\u0627<\/strong><\/h2>\n<p><\/p>\n<p>\u0639\u0646\u062f\u0645\u0627 \u062a\u0632\u0648\u0631 \u0645\u0648\u0642\u0639\u0646\u0627 \u0627\u0644\u0625\u0644\u0643\u062a\u0631\u0648\u0646\u064a\u060c \u0642\u062f \u062a\u0632\u0648\u062f\u0646\u0627 \u0628\u0645\u0639\u0644\u0648\u0645\u0627\u062a \u0634\u062e\u0635\u064a\u0629 \u0645\u062b\u0644 \u0627\u0633\u0645\u0643 \u0648\u0631\u0642\u0645 \u0647\u0627\u062a\u0641\u0643 \u0648\u0639\u0646\u0648\u0627\u0646 \u0628\u0631\u064a\u062f\u0643 \u0627\u0644\u0625\u0644\u0643\u062a\u0631\u0648\u0646\u064a. \u0628\u0627\u0644\u0625\u0636\u0627\u0641\u0629 \u0625\u0644\u0649 \u0630\u0644\u0643\u060c \u0642\u062f \u064a\u062a\u0645 \u062c\u0645\u0639 \u0627\u0644\u0645\u0639\u0644\u0648\u0645\u0627\u062a \u0627\u0644\u062a\u0642\u0646\u064a\u0629 \u0645\u062b\u0644 \u0645\u0639\u0644\u0648\u0645\u0627\u062a \u0627\u0644\u0645\u062a\u0635\u0641\u062d \u0648\u0639\u0646\u0648\u0627\u0646 \u0628\u0631\u0648\u062a\u0648\u0643\u0648\u0644 \u0627\u0644\u0625\u0646\u062a\u0631\u0646\u062a \u0648\u0645\u0639\u0644\u0648\u0645\u0627\u062a \u0627\u0644\u0645\u0648\u0642\u0639 \u0627\u0644\u062c\u063a\u0631\u0627\u0641\u064a \u062a\u0644\u0642\u0627\u0626\u064a\u0627\u064b \u0639\u0646\u062f \u0627\u0633\u062a\u062e\u062f\u0627\u0645\u0643 \u0644\u0645\u0648\u0642\u0639\u0646\u0627 \u0627\u0644\u0625\u0644\u0643\u062a\u0631\u0648\u0646\u064a.<\/p>\n<p><\/p>\n<h2 class=\"wp-block-heading\"><strong>\u0627\u0633\u062a\u062e\u062f\u0627\u0645 \u0627\u0644\u0645\u0639\u0644\u0648\u0645\u0627\u062a<\/strong><\/h2>\n<p><\/p>\n<p>\u0644\u0646 \u062a\u064f\u0633\u062a\u062e\u062f\u0645 \u0627\u0644\u0645\u0639\u0644\u0648\u0645\u0627\u062a \u0627\u0644\u0634\u062e\u0635\u064a\u0629 \u0627\u0644\u062a\u064a \u062a\u0642\u062f\u0645\u0647\u0627 \u0625\u0644\u0627 \u0644\u0644\u062a\u0648\u0627\u0635\u0644 \u0645\u0639 \u0634\u0631\u0643\u062a\u0646\u0627 \u0648\u0644\u062a\u0642\u062f\u064a\u0645 \u062e\u062f\u0645\u0629 \u0623\u0641\u0636\u0644 \u0644\u0643. \u064a\u0645\u0643\u0646 \u0627\u0633\u062a\u062e\u062f\u0627\u0645 \u0647\u0630\u0647 \u0627\u0644\u0645\u0639\u0644\u0648\u0645\u0627\u062a \u0644\u0623\u063a\u0631\u0627\u0636 \u0645\u062b\u0644 \u0645\u0639\u0627\u0644\u062c\u0629 \u0637\u0644\u0628\u0627\u062a\u0643 \u0648\u0627\u0644\u0648\u0635\u0648\u0644 \u0625\u0644\u064a\u0643 \u0648\u0627\u0644\u0631\u062f \u0639\u0644\u0649 \u0637\u0644\u0628\u0627\u062a\u0643 \u0648\u062a\u0642\u064a\u064a\u0645 \u0623\u062f\u0627\u0621 \u0645\u0648\u0642\u0639\u0646\u0627 \u0627\u0644\u0625\u0644\u0643\u062a\u0631\u0648\u0646\u064a.<\/p>\n<p><\/p>\n<h2 class=\"wp-block-heading\"><strong>\u0645\u0634\u0627\u0631\u0643\u0629 \u0627\u0644\u0637\u0631\u0641 \u0627\u0644\u062b\u0627\u0644\u062b<\/strong><\/h2>\n<p><\/p>\n<p>\u0644\u0646 \u062a\u062a\u0645 \u0645\u0634\u0627\u0631\u0643\u0629 \u0645\u0639\u0644\u0648\u0645\u0627\u062a\u0643 \u0627\u0644\u0634\u062e\u0635\u064a\u0629 \u0645\u0639 \u0623\u0637\u0631\u0627\u0641 \u062b\u0627\u0644\u062b\u0629\u060c \u0628\u0627\u0633\u062a\u062b\u0646\u0627\u0621 \u0627\u0644\u0645\u062a\u0637\u0644\u0628\u0627\u062a \u0627\u0644\u0642\u0627\u0646\u0648\u0646\u064a\u0629. \u0648\u0645\u0639 \u0630\u0644\u0643\u060c \u0641\u064a \u062d\u0627\u0644\u0629 \u0627\u0644\u062f\u0641\u0639 \u0644\u0645\u0639\u0627\u0644\u062c\u0629 \u0627\u0644\u0637\u0644\u0628\u0627\u062a\u060c \u0642\u062f \u0646\u0634\u0627\u0631\u0643 \u0645\u0639\u0644\u0648\u0645\u0627\u062a\u0643 \u0645\u0639 \u0645\u0632\u0648\u062f\u064a \u062e\u062f\u0645\u0629 \u0645\u0639\u0627\u0644\u062c\u0629 \u0627\u0644\u062f\u0641\u0639 \u0627\u0644\u0645\u0648\u062b\u0648\u0642 \u0628\u0647\u0645.<\/p>\n<p><\/p>\n<h2 class=\"wp-block-heading\"><strong>\u0627\u0644\u0623\u0645\u0646<\/strong><\/h2>\n<p><\/p>\n<p>\u0625\u0646 \u0623\u0645\u0646 \u0645\u0639\u0644\u0648\u0645\u0627\u062a\u0643 \u0627\u0644\u0634\u062e\u0635\u064a\u0629 \u0645\u0647\u0645 \u0628\u0627\u0644\u0646\u0633\u0628\u0629 \u0644\u0646\u0627. \u0648\u0645\u0639 \u0630\u0644\u0643\u060c \u064a\u064f\u0631\u062c\u0649 \u0645\u0644\u0627\u062d\u0638\u0629 \u0623\u0646 \u0623\u064a \u0646\u0638\u0627\u0645 \u0627\u062a\u0635\u0627\u0644 \u0625\u0644\u0643\u062a\u0631\u0648\u0646\u064a \u0644\u064a\u0633 \u0622\u0645\u0646\u0627\u064b \u0628\u0646\u0633\u0628\u0629 100% \u0639\u0646\u062f \u0627\u0644\u062a\u0648\u0627\u0635\u0644 \u0623\u0648 \u0645\u0634\u0627\u0631\u0643\u0629 \u0645\u0639\u0644\u0648\u0645\u0627\u062a\u0643 \u0639\u0628\u0631 \u0627\u0644\u0625\u0646\u062a\u0631\u0646\u062a.<\/p>\n<p><\/p>\n<h2 class=\"wp-block-heading\"><strong>\u062e\u0635\u0648\u0635\u064a\u0629 \u0627\u0644\u0623\u0637\u0641\u0627\u0644<\/strong><\/h2>\n<p><\/p>\n<p>\u0644\u0627 \u064a\u062c\u0645\u0639 \u0645\u0648\u0642\u0639\u0646\u0627 \u0627\u0644\u0625\u0644\u0643\u062a\u0631\u0648\u0646\u064a \u0639\u0646 \u0642\u0635\u062f \u0645\u0639\u0644\u0648\u0645\u0627\u062a \u0645\u0646 \u0627\u0644\u0623\u0637\u0641\u0627\u0644 \u062f\u0648\u0646 \u0633\u0646 18 \u0639\u0627\u0645\u0627\u064b. \u0625\u0630\u0627 \u0643\u0646\u062a \u0637\u0641\u0644\u0627\u064b \u062f\u0648\u0646 \u0633\u0646 18 \u0639\u0627\u0645\u0627\u064b\u060c \u064a\u064f\u0631\u062c\u0649 \u0639\u062f\u0645 \u0645\u0634\u0627\u0631\u0643\u0629 \u0645\u0639\u0644\u0648\u0645\u0627\u062a\u0643 \u0627\u0644\u0634\u062e\u0635\u064a\u0629 \u062f\u0648\u0646 \u0625\u0630\u0646 \u0648\u0627\u0644\u062f\u064a\u0643.<\/p>\n<p><\/p>\n<h2 class=\"wp-block-heading\"><strong>\u0627\u0644\u062a\u063a\u064a\u064a\u0631\u0627\u062a \u0648\u0627\u0644\u062a\u062d\u062f\u064a\u062b\u0627\u062a<\/strong><\/h2>\n<p><\/p>\n<p>\u0642\u062f \u064a\u062a\u0645 \u062a\u062d\u062f\u064a\u062b \u0633\u064a\u0627\u0633\u0629 \u0627\u0644\u062e\u0635\u0648\u0635\u064a\u0629 \u0648\u0646\u0635 \u0627\u0644\u0625\u0641\u0635\u0627\u062d \u0647\u0630\u0627 \u0645\u0646 \u0648\u0642\u062a \u0644\u0622\u062e\u0631. \u062a\u0642\u0639 \u0639\u0644\u0649 \u0639\u0627\u062a\u0642\u0643 \u0645\u0633\u0624\u0648\u0644\u064a\u0629 \u0645\u062a\u0627\u0628\u0639\u0629 \u0627\u0644\u062a\u063a\u064a\u064a\u0631\u0627\u062a. \u0646\u0648\u0635\u064a\u0643 \u0628\u0632\u064a\u0627\u0631\u0629 \u0647\u0630\u0647 \u0627\u0644\u0635\u0641\u062d\u0629 \u0628\u0627\u0646\u062a\u0638\u0627\u0645 \u0644\u0644\u0627\u0637\u0644\u0627\u0639 \u0639\u0644\u0649 \u0627\u0644\u062a\u062d\u062f\u064a\u062b\u0627\u062a.<\/p>\n<p><\/p>\n<h2 class=\"wp-block-heading\"><strong>\u062a\u0641\u0627\u0635\u064a\u0644 \u0627\u0644\u0627\u062a\u0635\u0627\u0644<\/strong><\/h2>\n<p><\/p>\n<p>\u064a\u064f\u0631\u062c\u0649 \u0627\u0644\u0627\u062a\u0635\u0627\u0644 \u0628\u0646\u0627 \u0644\u0644\u0625\u062c\u0627\u0628\u0629 \u0639\u0646 \u0623\u064a \u0623\u0633\u0626\u0644\u0629 \u0623\u0648 \u0627\u0633\u062a\u0641\u0633\u0627\u0631\u0627\u062a \u0623\u0648 \u0645\u0644\u0627\u062d\u0638\u0627\u062a.<br>\u0627\u0644\u0627\u062a\u0635\u0627\u0644 \u0628\u0641\u0631\u0639 \u0627\u0644\u0645\u0631\u0643\u0632<\/p>\n<p><\/p>\n<div class=\"wp-block-group is-vertical is-content-justification-center is-layout-flex wp-container-core-group-is-layout-4b2eccd6 wp-block-group-is-layout-flex\"><p><\/p>\n<div class=\"wp-block-buttons is-layout-flex wp-block-buttons-is-layout-flex\"><p><\/p>\n<div class=\"wp-block-button is-style-fill\"><a class=\"wp-block-button__link has-white-color has-text-color has-link-color wp-element-button\" href=\"tel:\/\/+905446116464\" target=\"_blank\" rel=\"noreferrer noopener\"><strong>\u0645\u0639\u0644\u0648\u0645\u0627\u062a \u0627\u0644\u0627\u062a\u0635\u0627\u0644 \u0628\u0627\u0644\u0645\u0631\u0643\u0632<\/strong><\/a><\/div>\n<p><\/p>\n<div class=\"wp-block-button is-style-fill\"><a class=\"wp-block-button__link has-white-color has-text-color has-link-color has-text-align-center wp-element-button\" href=\"tel:\/\/+905526116464\"><strong>\u062c\u0647\u0629 \u0627\u062a\u0635\u0627\u0644 \u0627\u0644\u0641\u0631\u0639<\/strong><\/a><\/div>\n<p><\/p><\/div>\n<p><\/p><\/div>\n<p><\/p>\t\t\t\t\t\t\t\t<\/div>\n\t\t\t\t<\/div>\n\t\t\t\t<\/div>\n\t\t\t\t\t<\/div>\n\t\t\t\t<\/div>\n\t\t\t\t<\/div>","protected":false},"excerpt":{"rendered":"<p>Web sitemiz Hakk\u0131nda; Web sitemiz, tan\u0131t\u0131m ama\u00e7l\u0131 olup online sat\u0131\u015f yap\u0131lmamakt\u0131r. Fakat bizi arayarak sipari\u015f verebilirsiniz. T\u00fcrkiye Cumhuriyeti yasalar\u0131na g\u00f6re&nbsp; i\u00e7ecek sat\u0131n alabilmek i\u00e7in en az 18 ya\u015f\u0131nda olman\u0131z gerekmektedir. Sipari\u015f vermeden \u00f6nce ya\u015f\u0131n\u0131z\u0131 kontrol etti\u011finizden emin olunuz. Bu gizlilik politikas\u0131 ve ayd\u0131nlatma metni, Rubyland taraf\u0131ndan i\u015fletilen web sitesinin kullan\u0131c\u0131lar\u0131 i\u00e7in gizlilik politikas\u0131n\u0131 ve bilgi&#8230;<\/p>","protected":false},"author":1,"featured_media":0,"parent":0,"menu_order":0,"comment_status":"closed","ping_status":"closed","template":"","meta":{"om_disable_all_campaigns":false,"_monsterinsights_skip_tracking":false,"_monsterinsights_sitenote_active":false,"_monsterinsights_sitenote_note":"","_monsterinsights_sitenote_category":0,"_uf_show_specific_survey":0,"_uf_disable_surveys":false,"footnotes":""},"class_list":["post-12006","page","type-page","status-publish","hentry"],"aioseo_notices":[],"_links":{"self":[{"href":"https:\/\/rubyland.com.tr\/ar\/wp-json\/wp\/v2\/pages\/12006","targetHints":{"allow":["GET"]}}],"collection":[{"href":"https:\/\/rubyland.com.tr\/ar\/wp-json\/wp\/v2\/pages"}],"about":[{"href":"https:\/\/rubyland.com.tr\/ar\/wp-json\/wp\/v2\/types\/page"}],"author":[{"embeddable":true,"href":"https:\/\/rubyland.com.tr\/ar\/wp-json\/wp\/v2\/users\/1"}],"replies":[{"embeddable":true,"href":"https:\/\/rubyland.com.tr\/ar\/wp-json\/wp\/v2\/comments?post=12006"}],"version-history":[{"count":0,"href":"https:\/\/rubyland.com.tr\/ar\/wp-json\/wp\/v2\/pages\/12006\/revisions"}],"wp:attachment":[{"href":"https:\/\/rubyland.com.tr\/ar\/wp-json\/wp\/v2\/media?parent=12006"}],"curies":[{"name":"wp","href":"https:\/\/api.w.org\/{rel}","templated":true}]}}